{"id":808,"date":"2025-10-04T07:51:57","date_gmt":"2025-10-04T10:51:57","guid":{"rendered":"https:\/\/jornalvia.com\/piracicaba\/politica-de-cookies-br"},"modified":"2026-01-19T09:40:51","modified_gmt":"2026-01-19T12:40:51","slug":"politica-de-cookies","status":"publish","type":"page","link":"https:\/\/jornalvia.com\/piracicaba\/politica-de-cookies\/","title":{"rendered":"Pol\u00edtica de Cookies"},"content":{"rendered":"\t\t<div data-elementor-type=\"wp-page\" data-elementor-id=\"808\" class=\"elementor elementor-808\" data-elementor-post-type=\"page\">\n\t\t\t\t<div class=\"elementor-element elementor-element-b9884c4 e-flex e-con-boxed e-con e-parent\" data-id=\"b9884c4\" data-element_type=\"container\" data-e-type=\"container\">\n\t\t\t\t\t<div class=\"e-con-inner\">\n\t\t\t\t<div class=\"elementor-element elementor-element-8f2b307 elementor-widget elementor-widget-theme-post-title elementor-page-title elementor-widget-heading\" data-id=\"8f2b307\" data-element_type=\"widget\" data-e-type=\"widget\" data-widget_type=\"theme-post-title.default\">\n\t\t\t\t\t<h1 class=\"elementor-heading-title elementor-size-default\">Pol\u00edtica de Cookies<\/h1>\t\t\t\t<\/div>\n\t\t\t\t\t<\/div>\n\t\t\t\t<\/div>\n\t\t<div class=\"elementor-element elementor-element-76bb7ffe e-flex e-con-boxed e-con e-parent\" data-id=\"76bb7ffe\" data-element_type=\"container\" data-e-type=\"container\">\n\t\t\t\t\t<div class=\"e-con-inner\">\n\t\t\t\t<div class=\"elementor-element elementor-element-63f13f0 elementor-widget elementor-widget-text-editor\" data-id=\"63f13f0\" data-element_type=\"widget\" data-e-type=\"widget\" data-widget_type=\"text-editor.default\">\n\t\t\t\t\t\t\t\t\t<p><strong>1. Introdu\u00e7\u00e3o<\/strong><\/p>\n<p>Nosso site, Jornal VIA (doravante: &#8220;o site&#8221;) usa cookies e outras tecnologias relacionadas (por conveni\u00eancia todas as tecnologias s\u00e3o referidas como &#8220;cookies&#8221;).&nbsp;<\/p>\n<p>Os cookies tamb\u00e9m s\u00e3o inseridos por terceiros que contratamos. No documento abaixo informamos sobre o uso de cookies em nosso site.<\/p>\n<p><b>2. O que s\u00e3o cookies?<\/b><\/p>\n<p>Um cookie \u00e9 um arquivo pequeno e simples que \u00e9 enviado junto com p\u00e1ginas deste site e armazenado pelo seu navegador no disco r\u00edgido do seu computador ou outro dispositivo. As informa\u00e7\u00f5es armazenadas podem ser enviadas de volta aos nossos servidores ou aos servidores dos terceiros relevantes durante uma visita subsequente.<\/p>\n<p><b>3. O que s\u00e3o scripts?<\/b><\/p>\n<p>Um script \u00e9 uma parte de c\u00f3digo de programa usado para fazer nosso site funcionar de forma adequada e interativa. Este c\u00f3digo \u00e9 executado em nosso servidor ou em seu dispositivo.<\/p>\n<p><b>4. O que \u00e9 um web beacon?<\/b><\/p>\n<p>Um web beacon (ou uma tag pixel) \u00e9 um pequena e invis\u00edvel texto ou imagem em um site que \u00e9 usado para monitorar o tr\u00e1fego em um site. Para fazer isso, v\u00e1rios dados sobre voc\u00ea s\u00e3o armazenados usando web beacons.<\/p>\n<p><b>5. Cookies<\/b><\/p>\n<p><b>5.1 Cookies t\u00e9cnicos ou funcionais<\/b><\/p>\n<p>Alguns cookies garantem que certas partes do site funcionem corretamente e que suas prefer\u00eancias de usu\u00e1rio permane\u00e7am conhecidas. Ao inserir cookies funcionais, facilitamos a visita ao nosso site. Dessa forma, voc\u00ea n\u00e3o precisa inserir repetidamente as mesmas informa\u00e7\u00f5es ao visitar nosso site e, por exemplo, os itens permanecem em seu carrinho de compras at\u00e9 que voc\u00ea tenha conclu\u00eddo a compra. Podemos inserir esses cookies sem o seu consentimento.<\/p>\n<p><b>5.2 Cookies de marketing\/rastreamento<\/b><\/p>\n<p>Cookies de marketing\/rastreamento s\u00e3o como qualquer outro tipo de cookie ou forma de armazenamento local, usados para criar perfis de usu\u00e1rios para exibir publicidade ou para rastrear o usu\u00e1rio neste site ou em v\u00e1rios sites para fins de marketing.<\/p>\n<p><b>6. Ativa\u00e7\u00e3o\/desativa\u00e7\u00e3o e exclus\u00e3o de cookies<\/b><\/p>\n<p>Voc\u00ea pode usar seu navegador de internet para excluir cookies automaticamente ou manualmente. Voc\u00ea tamb\u00e9m pode especificar que certos cookies podem n\u00e3o ser inseridos. Outra op\u00e7\u00e3o \u00e9 alterar as configura\u00e7\u00f5es do seu navegador para que voc\u00ea receba uma mensagem cada vez que um cookie \u00e9 inserido. Para obter mais informa\u00e7\u00f5es sobre essas op\u00e7\u00f5es, consulte as instru\u00e7\u00f5es na se\u00e7\u00e3o Ajuda do seu navegador.<\/p>\n<p>Por favor, observe que nosso site pode n\u00e3o funcionar corretamente se todos os cookies forem desativados. Se voc\u00ea excluir os cookies do seu navegador, eles ser\u00e3o inseridos novamente ap\u00f3s o seu consentimento quando voc\u00ea visitar nossos sites outra vez.<\/p>\n<p><b>7. Seus direitos em rela\u00e7\u00e3o aos dados pessoais<\/b><\/p>\n<p>Voc\u00ea tem os seguintes direitos em rela\u00e7\u00e3o aos seus dados pessoais:<\/p>\n<p>&#8211; Confirma\u00e7\u00e3o da exist\u00eancia de processamento;<\/p>\n<p>&#8211; Acesso aos dados;<\/p>\n<p>&#8211; Corre\u00e7\u00e3o de dados incompletos, imprecisos ou desatualizados;<\/p>\n<p>&#8211; Anonimiza\u00e7\u00e3o, bloqueio ou exclus\u00e3o de dados desnecess\u00e1rios, excessivos ou processados em desacordo com as disposi\u00e7\u00f5es da Lei Geral de Prote\u00e7\u00e3o de Dados Pessoais (LGPD);<\/p>\n<p>&#8211; Portabilidade dos dados para outro prestador de servi\u00e7os ou produtos, mediante pedido expresso, nos termos da regulamenta\u00e7\u00e3o da autoridade nacional, respeitando os segredos comerciais e industriais;<\/p>\n<p>&#8211; Elimina\u00e7\u00e3o dos dados pessoais tratados com o consentimento do titular, salvo nos casos previstos no art. 16 da Lei Geral de Prote\u00e7\u00e3o de Dados Pessoais (LGPD);<\/p>\n<p>&#8211; Informa\u00e7\u00f5es sobre entidades p\u00fablicas e privadas com as quais o controlador compartilhou dados;<\/p>\n<p>&#8211; Informa\u00e7\u00f5es sobre a possibilidade de n\u00e3o consentimento e sobre as consequ\u00eancias da nega\u00e7\u00e3o.<\/p>\n<p>Se voc\u00ea tem uma reclama\u00e7\u00e3o sobre como lidamos com seus dados, gostar\u00edamos de ouvi-la, mas voc\u00ea tamb\u00e9m tem o direito de enviar uma reclama\u00e7\u00e3o \u00e0 Autoridade Nacional de Prote\u00e7\u00e3o de Dados (ANPD):<\/p>\n<p>Autoridade Nacional de Prote\u00e7\u00e3o de Dados<\/p>\n<p><b>Esplanada dos Minist\u00e9rios,<br>Bloco C, 2\u00ba andar,<br>CEP 70297-400<br>Bras\u00edlia \u2013 DF<\/b><\/p>\n<p><b>8. Detalhes de contato<\/b><\/p>\n<p>Para perguntas e\/ou coment\u00e1rios sobre nossa Pol\u00edtica de Cookies e esta declara\u00e7\u00e3o, entre em contato conosco usando os seguintes detalhes de contato:<\/p>\n<p><b>Jornal VIA<\/b><br>Website: https:\/\/jornalvia.com\/<br>E-mail: contato@jornalvia.com<\/p>\t\t\t\t\t\t\t\t<\/div>\n\t\t\t\t\t<\/div>\n\t\t\t\t<\/div>\n\t\t\t\t<\/div>\n\t\t","protected":false},"excerpt":{"rendered":"<p>1. Introdu\u00e7\u00e3o Nosso site, Jornal VIA (doravante: &#8220;o site&#8221;) usa cookies e outras tecnologias relacionadas (por conveni\u00eancia todas as tecnologias s\u00e3o referidas como &#8220;cookies&#8221;). Os cookies tamb\u00e9m s\u00e3o inseridos por terceiros que contratamos. No documento abaixo informamos sobre o uso de cookies em nosso site. 2. O que s\u00e3o cookies? Um cookie \u00e9 um arquivo [&hellip;]<\/p>\n","protected":false},"author":1,"featured_media":0,"parent":0,"menu_order":0,"comment_status":"closed","ping_status":"closed","template":"","meta":{"_acf_changed":false,"footnotes":""},"class_list":["post-808","page","type-page","status-publish","hentry"],"acf":[],"yoast_head":"<!-- This site is optimized with the Yoast SEO plugin v27.2 - https:\/\/yoast.com\/product\/yoast-seo-wordpress\/ -->\n<title>Jornal VIA &#8226; Pol\u00edtica de Cookies<\/title>\n<meta name=\"description\" content=\"Seu novo jornal de not\u00edcias em Piracicaba com informa\u00e7\u00f5es locais, do Brasil e do mundo\" \/>\n<meta name=\"robots\" content=\"index, follow, max-snippet:-1, max-image-preview:large, max-video-preview:-1\" \/>\n<link rel=\"canonical\" href=\"https:\/\/jornalvia.com\/piracicaba\/politica-de-cookies\/\" \/>\n<meta property=\"og:locale\" content=\"pt_BR\" \/>\n<meta property=\"og:type\" content=\"article\" \/>\n<meta property=\"og:title\" content=\"Jornal VIA &#8226; Pol\u00edtica de Cookies\" \/>\n<meta property=\"og:description\" content=\"Seu novo jornal de not\u00edcias em Piracicaba com informa\u00e7\u00f5es locais, do Brasil e do mundo\" \/>\n<meta property=\"og:url\" content=\"https:\/\/jornalvia.com\/piracicaba\/politica-de-cookies\/\" \/>\n<meta property=\"og:site_name\" content=\"Piracicaba\" \/>\n<meta property=\"article:modified_time\" content=\"2026-01-19T12:40:51+00:00\" \/>\n<meta property=\"og:image\" content=\"https:\/\/jornalvia.com\/piracicaba\/wp-content\/uploads\/sites\/2\/2025\/11\/seo-image.png\" \/>\n\t<meta property=\"og:image:width\" content=\"1200\" \/>\n\t<meta property=\"og:image:height\" content=\"630\" \/>\n\t<meta property=\"og:image:type\" content=\"image\/png\" \/>\n<meta name=\"twitter:card\" content=\"summary_large_image\" \/>\n<meta name=\"twitter:label1\" content=\"Est. tempo de leitura\" \/>\n\t<meta name=\"twitter:data1\" content=\"3 minutos\" \/>\n<script type=\"application\/ld+json\" class=\"yoast-schema-graph\">{\"@context\":\"https:\/\/schema.org\",\"@graph\":[{\"@type\":\"WebPage\",\"@id\":\"https:\/\/jornalvia.com\/piracicaba\/politica-de-cookies\/\",\"url\":\"https:\/\/jornalvia.com\/piracicaba\/politica-de-cookies\/\",\"name\":\"Jornal VIA &#8226; Pol\u00edtica de Cookies\",\"isPartOf\":{\"@id\":\"https:\/\/jornalvia.com\/piracicaba\/#website\"},\"datePublished\":\"2025-10-04T10:51:57+00:00\",\"dateModified\":\"2026-01-19T12:40:51+00:00\",\"description\":\"Seu novo jornal de not\u00edcias em Piracicaba com informa\u00e7\u00f5es locais, do Brasil e do mundo\",\"breadcrumb\":{\"@id\":\"https:\/\/jornalvia.com\/piracicaba\/politica-de-cookies\/#breadcrumb\"},\"inLanguage\":\"pt-BR\",\"potentialAction\":[{\"@type\":\"ReadAction\",\"target\":[\"https:\/\/jornalvia.com\/piracicaba\/politica-de-cookies\/\"]}]},{\"@type\":\"BreadcrumbList\",\"@id\":\"https:\/\/jornalvia.com\/piracicaba\/politica-de-cookies\/#breadcrumb\",\"itemListElement\":[{\"@type\":\"ListItem\",\"position\":1,\"name\":\"In\u00edcio\",\"item\":\"https:\/\/jornalvia.com\/piracicaba\/\"},{\"@type\":\"ListItem\",\"position\":2,\"name\":\"Pol\u00edtica de Cookies\"}]},{\"@type\":\"WebSite\",\"@id\":\"https:\/\/jornalvia.com\/piracicaba\/#website\",\"url\":\"https:\/\/jornalvia.com\/piracicaba\/\",\"name\":\"Jornal VIA\",\"description\":\"Seu novo jornal de not\u00edcias em Piracicaba com informa\u00e7\u00f5es locais, do Brasil e do mundo\",\"publisher\":{\"@id\":\"https:\/\/jornalvia.com\/piracicaba\/#organization\"},\"alternateName\":\"Jornal VIA \u2022 Piracicaba\",\"potentialAction\":[{\"@type\":\"SearchAction\",\"target\":{\"@type\":\"EntryPoint\",\"urlTemplate\":\"https:\/\/jornalvia.com\/piracicaba\/?s={search_term_string}\"},\"query-input\":{\"@type\":\"PropertyValueSpecification\",\"valueRequired\":true,\"valueName\":\"search_term_string\"}}],\"inLanguage\":\"pt-BR\"},{\"@type\":\"Organization\",\"@id\":\"https:\/\/jornalvia.com\/piracicaba\/#organization\",\"name\":\"Jornal VIA\",\"url\":\"https:\/\/jornalvia.com\/piracicaba\/\",\"logo\":{\"@type\":\"ImageObject\",\"inLanguage\":\"pt-BR\",\"@id\":\"https:\/\/jornalvia.com\/piracicaba\/#\/schema\/logo\/image\/\",\"url\":\"https:\/\/jornalvia.com\/piracicaba\/wp-content\/uploads\/sites\/2\/2025\/09\/logo_site_5.png\",\"contentUrl\":\"https:\/\/jornalvia.com\/piracicaba\/wp-content\/uploads\/sites\/2\/2025\/09\/logo_site_5.png\",\"width\":800,\"height\":800,\"caption\":\"Jornal VIA\"},\"image\":{\"@id\":\"https:\/\/jornalvia.com\/piracicaba\/#\/schema\/logo\/image\/\"}}]}<\/script>\n<!-- \/ Yoast SEO plugin. -->","yoast_head_json":{"title":"Jornal VIA &#8226; Pol\u00edtica de Cookies","description":"Seu novo jornal de not\u00edcias em Piracicaba com informa\u00e7\u00f5es locais, do Brasil e do mundo","robots":{"index":"index","follow":"follow","max-snippet":"max-snippet:-1","max-image-preview":"max-image-preview:large","max-video-preview":"max-video-preview:-1"},"canonical":"https:\/\/jornalvia.com\/piracicaba\/politica-de-cookies\/","og_locale":"pt_BR","og_type":"article","og_title":"Jornal VIA &#8226; Pol\u00edtica de Cookies","og_description":"Seu novo jornal de not\u00edcias em Piracicaba com informa\u00e7\u00f5es locais, do Brasil e do mundo","og_url":"https:\/\/jornalvia.com\/piracicaba\/politica-de-cookies\/","og_site_name":"Piracicaba","article_modified_time":"2026-01-19T12:40:51+00:00","og_image":[{"width":1200,"height":630,"url":"https:\/\/jornalvia.com\/piracicaba\/wp-content\/uploads\/sites\/2\/2025\/11\/seo-image.png","type":"image\/png"}],"twitter_card":"summary_large_image","twitter_misc":{"Est. tempo de leitura":"3 minutos"},"schema":{"@context":"https:\/\/schema.org","@graph":[{"@type":"WebPage","@id":"https:\/\/jornalvia.com\/piracicaba\/politica-de-cookies\/","url":"https:\/\/jornalvia.com\/piracicaba\/politica-de-cookies\/","name":"Jornal VIA &#8226; Pol\u00edtica de Cookies","isPartOf":{"@id":"https:\/\/jornalvia.com\/piracicaba\/#website"},"datePublished":"2025-10-04T10:51:57+00:00","dateModified":"2026-01-19T12:40:51+00:00","description":"Seu novo jornal de not\u00edcias em Piracicaba com informa\u00e7\u00f5es locais, do Brasil e do mundo","breadcrumb":{"@id":"https:\/\/jornalvia.com\/piracicaba\/politica-de-cookies\/#breadcrumb"},"inLanguage":"pt-BR","potentialAction":[{"@type":"ReadAction","target":["https:\/\/jornalvia.com\/piracicaba\/politica-de-cookies\/"]}]},{"@type":"BreadcrumbList","@id":"https:\/\/jornalvia.com\/piracicaba\/politica-de-cookies\/#breadcrumb","itemListElement":[{"@type":"ListItem","position":1,"name":"In\u00edcio","item":"https:\/\/jornalvia.com\/piracicaba\/"},{"@type":"ListItem","position":2,"name":"Pol\u00edtica de Cookies"}]},{"@type":"WebSite","@id":"https:\/\/jornalvia.com\/piracicaba\/#website","url":"https:\/\/jornalvia.com\/piracicaba\/","name":"Jornal VIA","description":"Seu novo jornal de not\u00edcias em Piracicaba com informa\u00e7\u00f5es locais, do Brasil e do mundo","publisher":{"@id":"https:\/\/jornalvia.com\/piracicaba\/#organization"},"alternateName":"Jornal VIA \u2022 Piracicaba","potentialAction":[{"@type":"SearchAction","target":{"@type":"EntryPoint","urlTemplate":"https:\/\/jornalvia.com\/piracicaba\/?s={search_term_string}"},"query-input":{"@type":"PropertyValueSpecification","valueRequired":true,"valueName":"search_term_string"}}],"inLanguage":"pt-BR"},{"@type":"Organization","@id":"https:\/\/jornalvia.com\/piracicaba\/#organization","name":"Jornal VIA","url":"https:\/\/jornalvia.com\/piracicaba\/","logo":{"@type":"ImageObject","inLanguage":"pt-BR","@id":"https:\/\/jornalvia.com\/piracicaba\/#\/schema\/logo\/image\/","url":"https:\/\/jornalvia.com\/piracicaba\/wp-content\/uploads\/sites\/2\/2025\/09\/logo_site_5.png","contentUrl":"https:\/\/jornalvia.com\/piracicaba\/wp-content\/uploads\/sites\/2\/2025\/09\/logo_site_5.png","width":800,"height":800,"caption":"Jornal VIA"},"image":{"@id":"https:\/\/jornalvia.com\/piracicaba\/#\/schema\/logo\/image\/"}}]}},"_links":{"self":[{"href":"https:\/\/jornalvia.com\/piracicaba\/wp-json\/wp\/v2\/pages\/808","targetHints":{"allow":["GET"]}}],"collection":[{"href":"https:\/\/jornalvia.com\/piracicaba\/wp-json\/wp\/v2\/pages"}],"about":[{"href":"https:\/\/jornalvia.com\/piracicaba\/wp-json\/wp\/v2\/types\/page"}],"author":[{"embeddable":true,"href":"https:\/\/jornalvia.com\/piracicaba\/wp-json\/wp\/v2\/users\/1"}],"replies":[{"embeddable":true,"href":"https:\/\/jornalvia.com\/piracicaba\/wp-json\/wp\/v2\/comments?post=808"}],"version-history":[{"count":15,"href":"https:\/\/jornalvia.com\/piracicaba\/wp-json\/wp\/v2\/pages\/808\/revisions"}],"predecessor-version":[{"id":1096,"href":"https:\/\/jornalvia.com\/piracicaba\/wp-json\/wp\/v2\/pages\/808\/revisions\/1096"}],"wp:attachment":[{"href":"https:\/\/jornalvia.com\/piracicaba\/wp-json\/wp\/v2\/media?parent=808"}],"curies":[{"name":"wp","href":"https:\/\/api.w.org\/{rel}","templated":true}]}}