{"id":4280,"date":"2025-12-09T16:41:30","date_gmt":"2025-12-09T19:41:30","guid":{"rendered":"https:\/\/jornalvia.com\/piracicaba\/?page_id=4280"},"modified":"2026-01-19T09:40:25","modified_gmt":"2026-01-19T12:40:25","slug":"equipe","status":"publish","type":"page","link":"https:\/\/jornalvia.com\/piracicaba\/equipe\/","title":{"rendered":"Equipe"},"content":{"rendered":"\t\t<div data-elementor-type=\"wp-page\" data-elementor-id=\"4280\" class=\"elementor elementor-4280\" data-elementor-post-type=\"page\">\n\t\t\t\t<div class=\"elementor-element elementor-element-d766e57 e-flex e-con-boxed e-con e-parent\" data-id=\"d766e57\" data-element_type=\"container\" data-e-type=\"container\" data-settings=\"{&quot;background_background&quot;:&quot;classic&quot;}\">\n\t\t\t\t\t<div class=\"e-con-inner\">\n\t\t\t\t<div class=\"elementor-element elementor-element-a083ecb elementor-widget elementor-widget-heading\" data-id=\"a083ecb\" data-element_type=\"widget\" data-e-type=\"widget\" data-widget_type=\"heading.default\">\n\t\t\t\t\t<h2 class=\"elementor-heading-title elementor-size-default\">Equipe<\/h2>\t\t\t\t<\/div>\n\t\t\t\t\t<\/div>\n\t\t\t\t<\/div>\n\t\t<div class=\"elementor-element elementor-element-3ea27b4 e-flex e-con-boxed e-con e-parent\" data-id=\"3ea27b4\" data-element_type=\"container\" data-e-type=\"container\">\n\t\t\t\t\t<div class=\"e-con-inner\">\n\t\t<div class=\"elementor-element elementor-element-1e256e3 e-con-full e-flex e-con e-child\" data-id=\"1e256e3\" data-element_type=\"container\" data-e-type=\"container\" id=\"equipe-container\">\n\t\t\t\t<div class=\"elementor-element elementor-element-8c28da0 elementor-widget elementor-widget-html\" data-id=\"8c28da0\" data-element_type=\"widget\" data-e-type=\"widget\" data-widget_type=\"html.default\">\n\t\t\t\t\t<!-- \ud83d\udfe1 Equipe -->\r\n<div class=\"equipe-container-unique\">\r\n  <div class=\"equipe-grid\" id=\"equipe-grid\"><\/div>\r\n<\/div>\r\n\r\n<!-- Fontes e \u00edcones -->\r\n<link href=\"https:\/\/fonts.googleapis.com\/css2?family=Albert+Sans:wght@400;600;700&display=swap\" rel=\"stylesheet\">\r\n<link rel=\"stylesheet\" href=\"https:\/\/cdnjs.cloudflare.com\/ajax\/libs\/font-awesome\/6.5.0\/css\/all.min.css\">\r\n\r\n<style>\r\n.equipe-container-unique {\r\n  width: 100%;\r\n  padding: 30px 0;\r\n  background: #fff;\r\n}\r\n\r\n.equipe-grid {\r\n  display: grid;\r\n  grid-template-columns: repeat(auto-fit, minmax(180px, 1fr));\r\n  justify-items: center;\r\n  gap: 30px;\r\n  padding: 0 20px;\r\n}\r\n\r\n.equipe-wrapper {\r\n  text-align: center;\r\n  border-radius: 16px;\r\n  overflow: hidden;\r\n  background: #fff;\r\n  transition: transform 0.25s ease;\r\n  cursor: default;\r\n}\r\n.equipe-wrapper:hover { transform: scale(1.05); }\r\n\r\n\/* Foto circular maior no desktop *\/\r\n.equipe-wrapper .foto {\r\n  width: 160px;\r\n  height: 160px;\r\n  border-radius: 50%;\r\n  border: 5px solid #0033CC;\r\n  overflow: hidden;\r\n  margin: 0 auto 12px;\r\n}\r\n.equipe-wrapper .foto img {\r\n  width: 100%;\r\n  height: 100%;\r\n  object-fit: cover;\r\n  border-radius: 50%;\r\n}\r\n\r\n\/* Nome e cargo *\/\r\n.equipe-nome {\r\n  font-family: 'Albert Sans', sans-serif;\r\n  font-size: 18px;\r\n  font-weight: 700;\r\n  color: #222;\r\n}\r\n.equipe-cargo {\r\n  font-family: 'Albert Sans', sans-serif;\r\n  font-size: 14px;\r\n  color: #777;\r\n}\r\n\r\n\/* \u00cdcones sociais *\/\r\n.equipe-social {\r\n  margin-top: 8px;\r\n  display: flex;\r\n  justify-content: center;\r\n  gap: 10px;\r\n  font-size: 16px;\r\n}\r\n.equipe-social a { color: #555; transition: 0.2s; }\r\n.equipe-social a:hover { color: #000; }\r\n\r\n\/* Responsivo *\/\r\n@media (max-width: 1024px) {\r\n  .equipe-grid { grid-template-columns: repeat(auto-fit, minmax(150px, 1fr)); }\r\n  .equipe-wrapper .foto { width: 130px; height: 130px; border-width: 4px; }\r\n}\r\n@media (max-width: 768px)  {\r\n  .equipe-grid { grid-template-columns: repeat(auto-fit, minmax(130px, 1fr)); }\r\n  .equipe-wrapper .foto { width: 120px; height: 120px; border-width: 4px; }\r\n}\r\n@media (max-width: 480px)  {\r\n  .equipe-grid { grid-template-columns: repeat(2, 1fr); gap: 20px; }\r\n  .equipe-wrapper .foto { width: 110px; height: 110px; border-width: 3px; }\r\n}\r\n<\/style>\r\n\r\n<script>\r\n(async function(){\r\n  const siteId = 5; \/\/ \ud83d\udd39 ID do seu site\r\n  const apiURL = `https:\/\/jornalvia.com\/painel\/API\/equipe\/site_${siteId}.json`;\r\n  const container = document.getElementById('equipe-grid');\r\n\r\n  try {\r\n      const response = await fetch(apiURL);\r\n      if (!response.ok) throw new Error('JSON n\u00e3o encontrado');\r\n\r\n      const data = await response.json();\r\n      if (!Array.isArray(data) || data.length === 0) {\r\n          container.innerHTML = \"<p style='text-align:center;color:#333;padding:20px;'>Nenhum membro encontrado.<\/p>\";\r\n          return;\r\n      }\r\n\r\n      const equipeAtiva = data.filter(e => parseInt(e.ativo) === 1);\r\n      if (equipeAtiva.length === 0) {\r\n          container.innerHTML = \"<p style='text-align:center;color:#333;padding:20px;'>Nenhum membro ativo.<\/p>\";\r\n          return;\r\n      }\r\n\r\n      container.innerHTML = equipeAtiva.map(e => `\r\n        <div class=\"equipe-wrapper\">\r\n          <div class=\"foto\">\r\n            <img decoding=\"async\" src=\"${e.foto_perfil || '\/painel\/img\/semfoto.png'}\" alt=\"${e.nome_completo}\">\r\n          <\/div>\r\n          <div class=\"equipe-nome\">${e.nome_completo}<\/div>\r\n          ${e.cargo ? `<div class=\"equipe-cargo\">${e.cargo}<\/div>` : ''}\r\n          <div class=\"equipe-social\">\r\n            ${e.instagram_url ? `<a href=\"${e.instagram_url}\" target=\"_blank\" title=\"Instagram\" style=\"color:#E1306C;\"><i class='fab fa-instagram'><\/i><\/a>` : ''}\r\n            ${e.facebook_url ? `<a href=\"${e.facebook_url}\" target=\"_blank\" title=\"Facebook\" style=\"color:#1877F2;\"><i class='fab fa-facebook'><\/i><\/a>` : ''}\r\n            ${e.whatsapp_url ? `<a href=\"${e.whatsapp_url}\" target=\"_blank\" title=\"WhatsApp\" style=\"color:#25D366;\"><i class='fab fa-whatsapp'><\/i><\/a>` : ''}\r\n            ${e.email ? `<a href=\"mailto:${e.email}\" title=\"Email\" style=\"color:#555;\"><i class='fas fa-envelope'><\/i><\/a>` : ''}\r\n          <\/div>\r\n        <\/div>\r\n      `).join('');\r\n\r\n  } catch (err) {\r\n      console.error('\u274c Erro ao carregar equipe:', err);\r\n      container.innerHTML = \"<p style='text-align:center;color:#333;padding:20px;'>Erro ao carregar equipe.<\/p>\";\r\n  }\r\n})();\r\n<\/script>\r\n\t\t\t\t<\/div>\n\t\t\t\t<\/div>\n\t\t\t\t\t<\/div>\n\t\t\t\t<\/div>\n\t\t\t\t<\/div>\n\t\t","protected":false},"excerpt":{"rendered":"<p>Equipe<\/p>\n","protected":false},"author":1,"featured_media":0,"parent":0,"menu_order":0,"comment_status":"closed","ping_status":"closed","template":"","meta":{"_acf_changed":false,"footnotes":""},"class_list":["post-4280","page","type-page","status-publish","hentry"],"acf":[],"yoast_head":"<!-- This site is optimized with the Yoast SEO plugin v27.2 - https:\/\/yoast.com\/product\/yoast-seo-wordpress\/ -->\n<title>Jornal Via &#8226; Equipe<\/title>\n<meta name=\"description\" content=\"Seu novo jornal de not\u00edcias em Piracicaba com informa\u00e7\u00f5es locais, do Brasil e do mundo\" \/>\n<meta name=\"robots\" content=\"index, follow, max-snippet:-1, max-image-preview:large, max-video-preview:-1\" \/>\n<link rel=\"canonical\" href=\"https:\/\/jornalvia.com\/piracicaba\/equipe\/\" \/>\n<meta property=\"og:locale\" content=\"pt_BR\" \/>\n<meta property=\"og:type\" content=\"article\" \/>\n<meta property=\"og:title\" content=\"Jornal Via &#8226; Equipe\" \/>\n<meta property=\"og:description\" content=\"Seu novo jornal de not\u00edcias em Piracicaba com informa\u00e7\u00f5es locais, do Brasil e do mundo\" \/>\n<meta property=\"og:url\" content=\"https:\/\/jornalvia.com\/piracicaba\/equipe\/\" \/>\n<meta property=\"og:site_name\" content=\"Piracicaba\" \/>\n<meta property=\"article:modified_time\" content=\"2026-01-19T12:40:25+00:00\" \/>\n<meta property=\"og:image\" content=\"https:\/\/jornalvia.com\/piracicaba\/wp-content\/uploads\/sites\/2\/2025\/11\/seo-image.png\" \/>\n\t<meta property=\"og:image:width\" content=\"1200\" \/>\n\t<meta property=\"og:image:height\" content=\"630\" \/>\n\t<meta property=\"og:image:type\" content=\"image\/png\" \/>\n<meta name=\"twitter:card\" content=\"summary_large_image\" \/>\n<script type=\"application\/ld+json\" class=\"yoast-schema-graph\">{\"@context\":\"https:\/\/schema.org\",\"@graph\":[{\"@type\":\"WebPage\",\"@id\":\"https:\/\/jornalvia.com\/piracicaba\/equipe\/\",\"url\":\"https:\/\/jornalvia.com\/piracicaba\/equipe\/\",\"name\":\"Jornal Via &#8226; Equipe\",\"isPartOf\":{\"@id\":\"https:\/\/jornalvia.com\/piracicaba\/#website\"},\"datePublished\":\"2025-12-09T19:41:30+00:00\",\"dateModified\":\"2026-01-19T12:40:25+00:00\",\"description\":\"Seu novo jornal de not\u00edcias em Piracicaba com informa\u00e7\u00f5es locais, do Brasil e do mundo\",\"breadcrumb\":{\"@id\":\"https:\/\/jornalvia.com\/piracicaba\/equipe\/#breadcrumb\"},\"inLanguage\":\"pt-BR\",\"potentialAction\":[{\"@type\":\"ReadAction\",\"target\":[\"https:\/\/jornalvia.com\/piracicaba\/equipe\/\"]}]},{\"@type\":\"BreadcrumbList\",\"@id\":\"https:\/\/jornalvia.com\/piracicaba\/equipe\/#breadcrumb\",\"itemListElement\":[{\"@type\":\"ListItem\",\"position\":1,\"name\":\"In\u00edcio\",\"item\":\"https:\/\/jornalvia.com\/piracicaba\/\"},{\"@type\":\"ListItem\",\"position\":2,\"name\":\"Equipe\"}]},{\"@type\":\"WebSite\",\"@id\":\"https:\/\/jornalvia.com\/piracicaba\/#website\",\"url\":\"https:\/\/jornalvia.com\/piracicaba\/\",\"name\":\"Jornal VIA\",\"description\":\"Seu novo jornal de not\u00edcias em Piracicaba com informa\u00e7\u00f5es locais, do Brasil e do mundo\",\"publisher\":{\"@id\":\"https:\/\/jornalvia.com\/piracicaba\/#organization\"},\"alternateName\":\"Jornal VIA \u2022 Piracicaba\",\"potentialAction\":[{\"@type\":\"SearchAction\",\"target\":{\"@type\":\"EntryPoint\",\"urlTemplate\":\"https:\/\/jornalvia.com\/piracicaba\/?s={search_term_string}\"},\"query-input\":{\"@type\":\"PropertyValueSpecification\",\"valueRequired\":true,\"valueName\":\"search_term_string\"}}],\"inLanguage\":\"pt-BR\"},{\"@type\":\"Organization\",\"@id\":\"https:\/\/jornalvia.com\/piracicaba\/#organization\",\"name\":\"Jornal VIA\",\"url\":\"https:\/\/jornalvia.com\/piracicaba\/\",\"logo\":{\"@type\":\"ImageObject\",\"inLanguage\":\"pt-BR\",\"@id\":\"https:\/\/jornalvia.com\/piracicaba\/#\/schema\/logo\/image\/\",\"url\":\"https:\/\/jornalvia.com\/piracicaba\/wp-content\/uploads\/sites\/2\/2025\/09\/logo_site_5.png\",\"contentUrl\":\"https:\/\/jornalvia.com\/piracicaba\/wp-content\/uploads\/sites\/2\/2025\/09\/logo_site_5.png\",\"width\":800,\"height\":800,\"caption\":\"Jornal VIA\"},\"image\":{\"@id\":\"https:\/\/jornalvia.com\/piracicaba\/#\/schema\/logo\/image\/\"}}]}<\/script>\n<!-- \/ Yoast SEO plugin. -->","yoast_head_json":{"title":"Jornal Via &#8226; Equipe","description":"Seu novo jornal de not\u00edcias em Piracicaba com informa\u00e7\u00f5es locais, do Brasil e do mundo","robots":{"index":"index","follow":"follow","max-snippet":"max-snippet:-1","max-image-preview":"max-image-preview:large","max-video-preview":"max-video-preview:-1"},"canonical":"https:\/\/jornalvia.com\/piracicaba\/equipe\/","og_locale":"pt_BR","og_type":"article","og_title":"Jornal Via &#8226; Equipe","og_description":"Seu novo jornal de not\u00edcias em Piracicaba com informa\u00e7\u00f5es locais, do Brasil e do mundo","og_url":"https:\/\/jornalvia.com\/piracicaba\/equipe\/","og_site_name":"Piracicaba","article_modified_time":"2026-01-19T12:40:25+00:00","og_image":[{"width":1200,"height":630,"url":"https:\/\/jornalvia.com\/piracicaba\/wp-content\/uploads\/sites\/2\/2025\/11\/seo-image.png","type":"image\/png"}],"twitter_card":"summary_large_image","schema":{"@context":"https:\/\/schema.org","@graph":[{"@type":"WebPage","@id":"https:\/\/jornalvia.com\/piracicaba\/equipe\/","url":"https:\/\/jornalvia.com\/piracicaba\/equipe\/","name":"Jornal Via &#8226; Equipe","isPartOf":{"@id":"https:\/\/jornalvia.com\/piracicaba\/#website"},"datePublished":"2025-12-09T19:41:30+00:00","dateModified":"2026-01-19T12:40:25+00:00","description":"Seu novo jornal de not\u00edcias em Piracicaba com informa\u00e7\u00f5es locais, do Brasil e do mundo","breadcrumb":{"@id":"https:\/\/jornalvia.com\/piracicaba\/equipe\/#breadcrumb"},"inLanguage":"pt-BR","potentialAction":[{"@type":"ReadAction","target":["https:\/\/jornalvia.com\/piracicaba\/equipe\/"]}]},{"@type":"BreadcrumbList","@id":"https:\/\/jornalvia.com\/piracicaba\/equipe\/#breadcrumb","itemListElement":[{"@type":"ListItem","position":1,"name":"In\u00edcio","item":"https:\/\/jornalvia.com\/piracicaba\/"},{"@type":"ListItem","position":2,"name":"Equipe"}]},{"@type":"WebSite","@id":"https:\/\/jornalvia.com\/piracicaba\/#website","url":"https:\/\/jornalvia.com\/piracicaba\/","name":"Jornal VIA","description":"Seu novo jornal de not\u00edcias em Piracicaba com informa\u00e7\u00f5es locais, do Brasil e do mundo","publisher":{"@id":"https:\/\/jornalvia.com\/piracicaba\/#organization"},"alternateName":"Jornal VIA \u2022 Piracicaba","potentialAction":[{"@type":"SearchAction","target":{"@type":"EntryPoint","urlTemplate":"https:\/\/jornalvia.com\/piracicaba\/?s={search_term_string}"},"query-input":{"@type":"PropertyValueSpecification","valueRequired":true,"valueName":"search_term_string"}}],"inLanguage":"pt-BR"},{"@type":"Organization","@id":"https:\/\/jornalvia.com\/piracicaba\/#organization","name":"Jornal VIA","url":"https:\/\/jornalvia.com\/piracicaba\/","logo":{"@type":"ImageObject","inLanguage":"pt-BR","@id":"https:\/\/jornalvia.com\/piracicaba\/#\/schema\/logo\/image\/","url":"https:\/\/jornalvia.com\/piracicaba\/wp-content\/uploads\/sites\/2\/2025\/09\/logo_site_5.png","contentUrl":"https:\/\/jornalvia.com\/piracicaba\/wp-content\/uploads\/sites\/2\/2025\/09\/logo_site_5.png","width":800,"height":800,"caption":"Jornal VIA"},"image":{"@id":"https:\/\/jornalvia.com\/piracicaba\/#\/schema\/logo\/image\/"}}]}},"_links":{"self":[{"href":"https:\/\/jornalvia.com\/piracicaba\/wp-json\/wp\/v2\/pages\/4280","targetHints":{"allow":["GET"]}}],"collection":[{"href":"https:\/\/jornalvia.com\/piracicaba\/wp-json\/wp\/v2\/pages"}],"about":[{"href":"https:\/\/jornalvia.com\/piracicaba\/wp-json\/wp\/v2\/types\/page"}],"author":[{"embeddable":true,"href":"https:\/\/jornalvia.com\/piracicaba\/wp-json\/wp\/v2\/users\/1"}],"replies":[{"embeddable":true,"href":"https:\/\/jornalvia.com\/piracicaba\/wp-json\/wp\/v2\/comments?post=4280"}],"version-history":[{"count":29,"href":"https:\/\/jornalvia.com\/piracicaba\/wp-json\/wp\/v2\/pages\/4280\/revisions"}],"predecessor-version":[{"id":5984,"href":"https:\/\/jornalvia.com\/piracicaba\/wp-json\/wp\/v2\/pages\/4280\/revisions\/5984"}],"wp:attachment":[{"href":"https:\/\/jornalvia.com\/piracicaba\/wp-json\/wp\/v2\/media?parent=4280"}],"curies":[{"name":"wp","href":"https:\/\/api.w.org\/{rel}","templated":true}]}}